{"id":240,"date":"2018-10-10T17:02:12","date_gmt":"2018-10-10T17:02:12","guid":{"rendered":"http:\/\/www.datschitz.cz\/?page_id=240"},"modified":"2020-11-14T16:19:00","modified_gmt":"2020-11-14T15:19:00","slug":"viii-razitko-1912-1918","status":"publish","type":"page","link":"https:\/\/www.datschitz.cz\/index.php\/viii-razitko-1912-1918\/","title":{"rendered":"VIII. 1912-1918"},"content":{"rendered":"<ul>\n<li>8. raz\u00edtko Da\u010dic 1912-1918 \u2013 <strong>ozna\u010den\u00ed&nbsp; G.139<\/strong>&nbsp;\u2013 dle Monografie \u010deskoslovensk\u00fdch zn\u00e1mek, Voto\u010dek a spol.<\/li>\n<li>8. raz\u00edtko Da\u010dic z roku 1912 je op\u011bt dvojjazy\u010dn\u00e9, n\u00e1pis <strong>DA\u010cICE MOR * <\/strong><strong>DATSCHITZ MHR&nbsp; <\/strong>po lev\u00e9 a prav\u00e9 stran\u011b je rozd\u011blen naho\u0159e hv\u011bzdi\u010dkou a uprost\u0159ed m\u016fstkem s datumem.<\/li>\n<li>poprv\u00e9 je na prv\u00e9m m\u00edst\u011b \u010desk\u00fd n\u00e1zev na lev\u00e9 stran\u011b.<\/li>\n<\/ul>\n<p><img decoding=\"async\" class=\"wp-image-3070 aligncenter\" src=\"https:\/\/www.datschitz.cz\/wp-content\/uploads\/2019\/04\/8_razitko-290x300.jpg\" alt=\"\" width=\"201\" height=\"208\" srcset=\"https:\/\/www.datschitz.cz\/wp-content\/uploads\/2019\/04\/8_razitko-290x300.jpg 290w, https:\/\/www.datschitz.cz\/wp-content\/uploads\/2019\/04\/8_razitko-465x480.jpg 465w, https:\/\/www.datschitz.cz\/wp-content\/uploads\/2019\/04\/8_razitko.jpg 482w\" sizes=\"(max-width: 201px) 100vw, 201px\" \/><\/p>\n<style id=\"bwg-style-0\">    #bwg_container1_0 #bwg_container2_0 .bwg-container-0.bwg-standard-thumbnails {      width: 1402px;              justify-content: center;        margin:0 auto !important;              background-color: rgba(255, 255, 255, 0.00);            padding-left: 2px;      padding-top: 2px;      max-width: 100%;            }        #bwg_container1_0 #bwg_container2_0 .bwg-container-0.bwg-standard-thumbnails .bwg-item {    justify-content: flex-start;      max-width: 280px;          }    #bwg_container1_0 #bwg_container2_0 .bwg-container-0.bwg-standard-thumbnails .bwg-item a {       margin-right: 2px;       margin-bottom: 2px;    }    #bwg_container1_0 #bwg_container2_0 .bwg-container-0.bwg-standard-thumbnails .bwg-item0 {      padding: 0px;            background-color:rgba(0,0,0, 0.30);      border: 0px none #CCCCCC;      opacity: 1.00;      border-radius: 0;      box-shadow: ;    }    #bwg_container1_0 #bwg_container2_0 .bwg-container-0.bwg-standard-thumbnails .bwg-item1 img {      max-height: none;      max-width: none;      padding: 0 !important;    }         @media only screen and (min-width: 480px) {\t\t#bwg_container1_0 #bwg_container2_0 .bwg-container-0.bwg-standard-thumbnails .bwg-item1 img {\t\t\t-webkit-transition: all .3s; transition: all .3s;\t\t}\t\t#bwg_container1_0 #bwg_container2_0 .bwg-container-0.bwg-standard-thumbnails .bwg-item1 img:hover {\t\t\t-ms-transform: scale(1.08);\t\t\t-webkit-transform: scale(1.08);\t\t\ttransform: scale(1.08);\t\t}\t\t      }\t    #bwg_container1_0 #bwg_container2_0 .bwg-container-0.bwg-standard-thumbnails .bwg-item1 {      padding-top: 71.4285714286%;    }        #bwg_container1_0 #bwg_container2_0 .bwg-container-0.bwg-standard-thumbnails .bwg-title2,    #bwg_container1_0 #bwg_container2_0 .bwg-container-0.bwg-standard-thumbnails .bwg-ecommerce2 {      color: #323A45;      font-family: Ubuntu;      font-size: 16px;      font-weight: bold;      padding: 2px;      text-shadow: ;      max-height: 100%;    }    #bwg_container1_0 #bwg_container2_0 .bwg-container-0.bwg-standard-thumbnails .bwg-thumb-description span {    color: #323A45;    font-family: Ubuntu;    font-size: 12px;    max-height: 100%;    word-wrap: break-word;    }    #bwg_container1_0 #bwg_container2_0 .bwg-container-0.bwg-standard-thumbnails .bwg-play-icon2 {      font-size: 32px;    }    #bwg_container1_0 #bwg_container2_0 .bwg-container-0.bwg-standard-thumbnails .bwg-ecommerce2 {      font-size: 19.2px;      color: #323A45;    }    <\/style>    <div id=\"bwg_container1_0\"         class=\"bwg_container bwg_thumbnail bwg_thumbnails \"         data-right-click-protection=\"0\"         data-bwg=\"0\"         data-scroll=\"0\"         data-gallery-type=\"thumbnails\"         data-gallery-view-type=\"thumbnails\"         data-current-url=\"\/index.php\/wp-json\/wp\/v2\/pages\/240\"         data-lightbox-url=\"https:\/\/www.datschitz.cz\/wp-admin\/admin-ajax.php?action=GalleryBox&#038;current_view=0&#038;gallery_id=40&#038;tag=0&#038;theme_id=1&#038;shortcode_id=119&#038;sort_by=order&#038;order_by=asc&#038;current_url=%2Findex.php%2Fwp-json%2Fwp%2Fv2%2Fpages%2F240\"         data-gallery-id=\"40\"         data-popup-width=\"280\"         data-popup-height=\"200\"         data-is-album=\"gallery\"         data-buttons-position=\"bottom\">      <div id=\"bwg_container2_0\">             <div id=\"ajax_loading_0\" class=\"bwg_loading_div_1\">      <div class=\"bwg_loading_div_2\">        <div class=\"bwg_loading_div_3\">          <div id=\"loading_div_0\" class=\"bwg_spider_ajax_loading\">          <\/div>        <\/div>      <\/div>    <\/div>            <form id=\"gal_front_form_0\"              class=\"bwg-hidden\"              method=\"post\"              action=\"#\"              data-current=\"0\"              data-shortcode-id=\"119\"              data-gallery-type=\"thumbnails\"              data-gallery-id=\"40\"              data-tag=\"0\"              data-album-id=\"0\"              data-theme-id=\"1\"              data-ajax-url=\"https:\/\/www.datschitz.cz\/wp-admin\/admin-ajax.php?action=bwg_frontend_data\">          <div id=\"bwg_container3_0\" class=\"bwg-background bwg-background-0\">                <div data-max-count=\"5\"         data-thumbnail-width=\"280\"         data-bwg=\"0\"         data-gallery-id=\"40\"         data-lightbox-url=\"https:\/\/www.datschitz.cz\/wp-admin\/admin-ajax.php?action=GalleryBox&amp;current_view=0&amp;gallery_id=40&amp;tag=0&amp;theme_id=1&amp;shortcode_id=119&amp;sort_by=order&amp;order_by=asc&amp;current_url=%2Findex.php%2Fwp-json%2Fwp%2Fv2%2Fpages%2F240\"         id=\"bwg_thumbnails_0\"         class=\"bwg-container-0 bwg-thumbnails bwg-standard-thumbnails bwg-container bwg-border-box\">            <div class=\"bwg-item\">        <a class=\"bwg-a  bwg_lightbox\"  data-image-id=\"1743\" href=\"https:\/\/www.datschitz.cz\/wp-content\/uploads\/photo-gallery\/img_0044.jpg?bwg=1605367198\" data-elementor-open-lightbox=\"no\">                <div class=\"bwg-item0  lazy_loader \">          <div class=\"bwg-item1 \">            <div class=\"bwg-item2\">              <img decoding=\"async\" class=\"skip-lazy bwg_standart_thumb_img_0  bwg_lazyload \"                   data-id=\"1743\"                   data-width=\"400\"                   data-height=\"266\"                   data-src=\"https:\/\/www.datschitz.cz\/wp-content\/uploads\/photo-gallery\/thumb\/img_0044.jpg?bwg=1605367198\"                   src=\"https:\/\/www.datschitz.cz\/wp-content\/plugins\/photo-gallery\/images\/lazy_placeholder.gif\"                   alt=\"img 0044\"                   title=\"img 0044\" \/>            <\/div>            <div class=\"\">                                                      <\/div>          <\/div>        <\/div>                        <\/a>              <\/div>            <div class=\"bwg-item\">        <a class=\"bwg-a  bwg_lightbox\"  data-image-id=\"1742\" href=\"https:\/\/www.datschitz.cz\/wp-content\/uploads\/photo-gallery\/img_0046.jpg?bwg=1605367198\" data-elementor-open-lightbox=\"no\">                <div class=\"bwg-item0  lazy_loader \">          <div class=\"bwg-item1 \">            <div class=\"bwg-item2\">              <img decoding=\"async\" class=\"skip-lazy bwg_standart_thumb_img_0  bwg_lazyload \"                   data-id=\"1742\"                   data-width=\"400\"                   data-height=\"312\"                   data-src=\"https:\/\/www.datschitz.cz\/wp-content\/uploads\/photo-gallery\/thumb\/img_0046.jpg?bwg=1605367198\"                   src=\"https:\/\/www.datschitz.cz\/wp-content\/plugins\/photo-gallery\/images\/lazy_placeholder.gif\"                   alt=\"img 0046\"                   title=\"img 0046\" \/>            <\/div>            <div class=\"\">                                                      <\/div>          <\/div>        <\/div>                        <\/a>              <\/div>            <div class=\"bwg-item\">        <a class=\"bwg-a  bwg_lightbox\"  data-image-id=\"1234\" href=\"https:\/\/www.datschitz.cz\/wp-content\/uploads\/photo-gallery\/imported_from_media_libray\/DA7_0001.jpg?bwg=1554292094\" data-elementor-open-lightbox=\"no\">                <div class=\"bwg-item0  lazy_loader \">          <div class=\"bwg-item1 \">            <div class=\"bwg-item2\">              <img decoding=\"async\" class=\"skip-lazy bwg_standart_thumb_img_0  bwg_lazyload \"                   data-id=\"1234\"                   data-width=\"400\"                   data-height=\"256\"                   data-src=\"https:\/\/www.datschitz.cz\/wp-content\/uploads\/photo-gallery\/imported_from_media_libray\/thumb\/DA7_0001.jpg?bwg=1554292094\"                   src=\"https:\/\/www.datschitz.cz\/wp-content\/plugins\/photo-gallery\/images\/lazy_placeholder.gif\"                   alt=\"19.11.1917 - 8. raz\u00edtko\"                   title=\"19.11.1917 - 8. raz\u00edtko\" \/>            <\/div>            <div class=\"\">                                                      <\/div>          <\/div>        <\/div>                        <\/a>              <\/div>            <div class=\"bwg-item\">        <a class=\"bwg-a  bwg_lightbox\"  data-image-id=\"1233\" href=\"https:\/\/www.datschitz.cz\/wp-content\/uploads\/photo-gallery\/imported_from_media_libray\/DA7.jpg?bwg=1554292094\" data-elementor-open-lightbox=\"no\">                <div class=\"bwg-item0  lazy_loader \">          <div class=\"bwg-item1 \">            <div class=\"bwg-item2\">              <img decoding=\"async\" class=\"skip-lazy bwg_standart_thumb_img_0  bwg_lazyload \"                   data-id=\"1233\"                   data-width=\"400\"                   data-height=\"256\"                   data-src=\"https:\/\/www.datschitz.cz\/wp-content\/uploads\/photo-gallery\/imported_from_media_libray\/thumb\/DA7.jpg?bwg=1554292094\"                   src=\"https:\/\/www.datschitz.cz\/wp-content\/plugins\/photo-gallery\/images\/lazy_placeholder.gif\"                   alt=\"19.11.1917 - 8. raz\u00edtko\"                   title=\"19.11.1917 - 8. raz\u00edtko\" \/>            <\/div>            <div class=\"\">                                                      <\/div>          <\/div>        <\/div>                        <\/a>              <\/div>          <\/div>            <div class=\"bwg_download_gallery\">          <a href=\"https:\/\/www.datschitz.cz\/wp-admin\/admin-ajax.php?action=download_gallery&#038;_wpnonce=e9db27f5d4&#038;gallery_id=40&#038;bwg=0&#038;type=gallery&#038;tag_input_name=bwg_tag_id_bwg_thumbnails_0&#038;bwg_tag_id_bwg_thumbnails_0&#038;tag=0&#038;bwg_search_0\">            <i title=\"Download gallery\" class=\"bwg-icon-download bwg_ctrl_btn\"><\/i>          <\/a>        <\/div>                  <\/div>        <\/form>        <style>          #bwg_container1_0 #bwg_container2_0 #spider_popup_overlay_0 {          background-color: #EEEEEE;          opacity: 0.60;          }          <\/style>        <div id=\"bwg_spider_popup_loading_0\" class=\"bwg_spider_popup_loading\"><\/div>        <div id=\"spider_popup_overlay_0\" class=\"spider_popup_overlay\" onclick=\"spider_destroypopup(1000)\"><\/div>        <input type=\"hidden\" id=\"bwg_random_seed_0\" value=\"1612662532\">                <\/div>    <\/div>    <script>      if (document.readyState === 'complete') {        if( typeof bwg_main_ready == 'function' ) {          if ( jQuery(\"#bwg_container1_0\").height() ) {            bwg_main_ready(jQuery(\"#bwg_container1_0\"));          }        }      } else {        document.addEventListener('DOMContentLoaded', function() {          if( typeof bwg_main_ready == 'function' ) {            if ( jQuery(\"#bwg_container1_0\").height() ) {             bwg_main_ready(jQuery(\"#bwg_container1_0\"));            }          }        });      }    <\/script>    \n","protected":false},"excerpt":{"rendered":"<p>8. raz\u00edtko Da\u010dic 1912-1918 \u2013 ozna\u010den\u00ed&nbsp; G.139&nbsp;\u2013 dle Monografie \u010deskoslovensk\u00fdch zn\u00e1mek, Voto\u010dek a spol. 8. raz\u00edtko Da\u010dic&#8230;<\/p>\n","protected":false},"author":1,"featured_media":0,"parent":0,"menu_order":0,"comment_status":"closed","ping_status":"closed","template":"","meta":{"ngg_post_thumbnail":0,"footnotes":""},"class_list":["post-240","page","type-page","status-publish","hentry"],"_links":{"self":[{"href":"https:\/\/www.datschitz.cz\/index.php\/wp-json\/wp\/v2\/pages\/240","targetHints":{"allow":["GET"]}}],"collection":[{"href":"https:\/\/www.datschitz.cz\/index.php\/wp-json\/wp\/v2\/pages"}],"about":[{"href":"https:\/\/www.datschitz.cz\/index.php\/wp-json\/wp\/v2\/types\/page"}],"author":[{"embeddable":true,"href":"https:\/\/www.datschitz.cz\/index.php\/wp-json\/wp\/v2\/users\/1"}],"replies":[{"embeddable":true,"href":"https:\/\/www.datschitz.cz\/index.php\/wp-json\/wp\/v2\/comments?post=240"}],"version-history":[{"count":0,"href":"https:\/\/www.datschitz.cz\/index.php\/wp-json\/wp\/v2\/pages\/240\/revisions"}],"wp:attachment":[{"href":"https:\/\/www.datschitz.cz\/index.php\/wp-json\/wp\/v2\/media?parent=240"}],"curies":[{"name":"wp","href":"https:\/\/api.w.org\/{rel}","templated":true}]}}